{"id":6,"date":"2016-10-23T01:54:33","date_gmt":"2016-10-22T23:54:33","guid":{"rendered":"http:\/\/vdi-ingenieurforum.de\/?page_id=6"},"modified":"2021-06-09T13:36:59","modified_gmt":"2021-06-09T11:36:59","slug":"aus-der-regionen","status":"publish","type":"page","link":"https:\/\/vdi-ingenieurforum.de\/?page_id=6","title":{"rendered":"AUS DEN REGIONEN"},"content":{"rendered":"<p><a href=\"http:\/\/www.vdi.de\/ueber-uns\/vdi-vor-ort\/bezirksvereine\/bergischer-bezirksverein\/bergischer-bezirksverein\" target=\"_blank\" rel=\"noopener noreferrer\">VDI Bergischer Bezirksverein<\/a><br \/>\n<a href=\"http:\/\/www.vdi.de\/ueber-uns\/vdi-vor-ort\/bezirksvereine\/bochumer-bezirksverein\/bochumer-bezirksverein\" target=\"_blank\" rel=\"noopener noreferrer\">VDI Bochumer Bezirksverein<\/a><br \/>\n<a href=\"http:\/\/www.vdi.de\/ueber-uns\/vdi-vor-ort\/bezirksvereine\/emscher-lippe-bezirksverein-ev\/emscher-lippe-bezirksverein\" target=\"_blank\" rel=\"noopener noreferrer\">VDI Emscher-Lippe Bezirksverein<\/a><br \/>\n<a href=\"http:\/\/www.vdi.de\/ueber-uns\/vdi-vor-ort\/bezirksvereine\/lenne-bezirksverein-ev\/lenne-bezirksverein\" target=\"_blank\" rel=\"noopener noreferrer\">VDI Lenne Bezirksverein<\/a><br \/>\n<a href=\"http:\/\/www.vdi.de\/ueber-uns\/vdi-vor-ort\/bezirksvereine\/muensterlaender-bezirksverein\/muensterlaender-bezirksverein\" target=\"_blank\" rel=\"noopener noreferrer\">VDI M\u00fcnsterl\u00e4nder Bezirksverein<\/a><br \/>\n<a href=\"http:\/\/www.vdi.de\/ueber-uns\/vdi-vor-ort\/bezirksvereine\/bezirksverein-osnabrueck-emsland-ev\/bezirksverein-osnabrueck-emsland\" target=\"_blank\" rel=\"noopener noreferrer\">VDI Osnabr\u00fcck-Emsland Bezirksverein<\/a><br \/>\n<a href=\"https:\/\/www.vdi.de\/ueber-uns\/vor-ort\/bezirksvereine\/ruhrbezirksverein-ev\" target=\"_blank\" rel=\"noopener noreferrer\">VDI Ruhr Bezirksverein<\/a><br \/>\n<a href=\"https:\/\/www.vdi.de\/ueber-uns\/vdi-vor-ort\/bezirksvereine\/siegener-bezirksverein\/home\/\" target=\"_blank\" rel=\"noopener noreferrer\">VDI Siegener Bezirksverein<\/a><\/p>\n","protected":false},"excerpt":{"rendered":"<p>VDI Bergischer Bezirksverein VDI Bochumer Bezirksverein VDI Emscher-Lippe Bezirksverein VDI Lenne Bezirksverein VDI M\u00fcnsterl\u00e4nder Bezirksverein VDI Osnabr\u00fcck-Emsland Bezirksverein VDI Ruhr Bezirksverein VDI Siegener Bezirksverein<\/p>\n","protected":false},"author":1,"featured_media":0,"parent":0,"menu_order":0,"comment_status":"closed","ping_status":"closed","template":"","meta":{"_acf_changed":false,"footnotes":""},"class_list":["post-6","page","type-page","status-publish","hentry"],"acf":[],"_links":{"self":[{"href":"https:\/\/vdi-ingenieurforum.de\/index.php?rest_route=\/wp\/v2\/pages\/6","targetHints":{"allow":["GET"]}}],"collection":[{"href":"https:\/\/vdi-ingenieurforum.de\/index.php?rest_route=\/wp\/v2\/pages"}],"about":[{"href":"https:\/\/vdi-ingenieurforum.de\/index.php?rest_route=\/wp\/v2\/types\/page"}],"author":[{"embeddable":true,"href":"https:\/\/vdi-ingenieurforum.de\/index.php?rest_route=\/wp\/v2\/users\/1"}],"replies":[{"embeddable":true,"href":"https:\/\/vdi-ingenieurforum.de\/index.php?rest_route=%2Fwp%2Fv2%2Fcomments&post=6"}],"version-history":[{"count":12,"href":"https:\/\/vdi-ingenieurforum.de\/index.php?rest_route=\/wp\/v2\/pages\/6\/revisions"}],"predecessor-version":[{"id":542,"href":"https:\/\/vdi-ingenieurforum.de\/index.php?rest_route=\/wp\/v2\/pages\/6\/revisions\/542"}],"wp:attachment":[{"href":"https:\/\/vdi-ingenieurforum.de\/index.php?rest_route=%2Fwp%2Fv2%2Fmedia&parent=6"}],"curies":[{"name":"wp","href":"https:\/\/api.w.org\/{rel}","templated":true}]}}