{"id":8,"date":"2016-10-23T01:54:43","date_gmt":"2016-10-22T23:54:43","guid":{"rendered":"http:\/\/vdi-ingenieurforum.de\/?page_id=8"},"modified":"2021-06-09T14:16:31","modified_gmt":"2021-06-09T12:16:31","slug":"ueber-uns","status":"publish","type":"page","link":"https:\/\/vdi-ingenieurforum.de\/?page_id=8","title":{"rendered":"\u00dcBER UNS"},"content":{"rendered":"<p><strong>VDI Ingenieur forum<\/strong><br \/>\nDie Zeitschrift berichtet \u00fcber aktuelle technische und wissenschaftliche Entwicklungen.<br \/>\nAls gemeinsames Magazin der VDI Bezirksvereine Bergischer-, Bochumer-, Emscher-Lippe-, Lenne-, M\u00fcnsterl\u00e4nder-, Osnabr\u00fcck-Emsland-, Ruhr- und Siegener BV informiert es \u00fcber die Verbandsarbeit.<\/p>\n<p>Herausgeber sind die Vorsitzenden der Bezirksvereine.<\/p>\n<p><strong>Der Themenmix umfasst vier Schwerpunkte:<\/strong><\/p>\n<p><strong>Q1 = Maschinenbau \/ Anlagentechnik<\/strong><br \/>\n<strong>Q2 = Energie und Umwelt<\/strong><br \/>\n<strong>Q3 = Geb\u00e4udetechnik \/ Bautechnik<\/strong><br \/>\n<strong>Q4 = Mobilit\u00e4t und Verkehr<\/strong><\/p>\n<header class=\"entry-header\">\n<h1 class=\"entry-title\">REDAKTION<\/h1>\n<\/header>\n<div class=\"entry-content\">\n<p><strong>Chefredakteur<\/strong><br \/>\nGerd Krause (V.i.S.d.P.)<br \/>\nKrause &amp; Partner Media<\/p>\n<p><strong>Redaktion<\/strong><br \/>\nMediakonzept<br \/>\nGraf-Recke-Stra\u00dfe 41<br \/>\n40239 D\u00fcsseldorf<br \/>\nT: +4921193671583<br \/>\nM: +491735459308<br \/>\n<a href=\"mailto:g.krause@mediakonzept-duesseldorf.de\">g.krause@mediakonzept-duesseldorf.de<\/a><br \/>\n<a href=\"http:\/\/www.mediakonzept.com\" target=\"_blank\" rel=\"noopener noreferrer\">www.mediakonzept.com<\/a><br \/>\n<a href=\"http:\/\/www.kupmedia.de\" target=\"_blank\" rel=\"noopener noreferrer\"> www.kupmedia.de<\/a><\/p>\n<p><strong>Layout<\/strong><br \/>\nRalf Reiche (Art Director)<br \/>\nWeusthoff und Reiche Design<br \/>\nHamburg . K\u00f6ln<br \/>\nHansemannstra\u00dfe 17\u201321<br \/>\n50823 K\u00f6ln<br \/>\n0221.34 666 19-3<br \/>\n0170.670 97 41<br \/>\n<a href=\"mailto:rr@wundrdesign.de\">rr@wundrdesign.de<\/a><br \/>\n<a href=\"http:\/\/www.wundrdesign.de\" target=\"_blank\" rel=\"noopener noreferrer\">www.wnundrdesign.de<\/a><\/p>\n<\/div>\n","protected":false},"excerpt":{"rendered":"<p>VDI Ingenieur forum Die Zeitschrift berichtet \u00fcber aktuelle technische und wissenschaftliche Entwicklungen. Als gemeinsames Magazin der VDI Bezirksvereine Bergischer-, Bochumer-, Emscher-Lippe-, Lenne-, M\u00fcnsterl\u00e4nder-, Osnabr\u00fcck-Emsland-, Ruhr- und Siegener BV informiert es \u00fcber die Verbandsarbeit. Herausgeber sind die Vorsitzenden der Bezirksvereine. Der Themenmix umfasst vier Schwerpunkte: Q1 = Maschinenbau \/ Anlagentechnik Q2 = Energie und Umwelt Q3 &hellip; <a href=\"https:\/\/vdi-ingenieurforum.de\/?page_id=8\" class=\"more-link\"><span class=\"screen-reader-text\">\u201e\u00dcBER UNS\u201c<\/span> weiterlesen<\/a><\/p>\n","protected":false},"author":1,"featured_media":0,"parent":0,"menu_order":0,"comment_status":"closed","ping_status":"closed","template":"","meta":{"_acf_changed":false,"footnotes":""},"class_list":["post-8","page","type-page","status-publish","hentry"],"acf":[],"_links":{"self":[{"href":"https:\/\/vdi-ingenieurforum.de\/index.php?rest_route=\/wp\/v2\/pages\/8","targetHints":{"allow":["GET"]}}],"collection":[{"href":"https:\/\/vdi-ingenieurforum.de\/index.php?rest_route=\/wp\/v2\/pages"}],"about":[{"href":"https:\/\/vdi-ingenieurforum.de\/index.php?rest_route=\/wp\/v2\/types\/page"}],"author":[{"embeddable":true,"href":"https:\/\/vdi-ingenieurforum.de\/index.php?rest_route=\/wp\/v2\/users\/1"}],"replies":[{"embeddable":true,"href":"https:\/\/vdi-ingenieurforum.de\/index.php?rest_route=%2Fwp%2Fv2%2Fcomments&post=8"}],"version-history":[{"count":15,"href":"https:\/\/vdi-ingenieurforum.de\/index.php?rest_route=\/wp\/v2\/pages\/8\/revisions"}],"predecessor-version":[{"id":546,"href":"https:\/\/vdi-ingenieurforum.de\/index.php?rest_route=\/wp\/v2\/pages\/8\/revisions\/546"}],"wp:attachment":[{"href":"https:\/\/vdi-ingenieurforum.de\/index.php?rest_route=%2Fwp%2Fv2%2Fmedia&parent=8"}],"curies":[{"name":"wp","href":"https:\/\/api.w.org\/{rel}","templated":true}]}}